{"id":14,"date":"2019-06-01T17:17:42","date_gmt":"2019-06-01T15:17:42","guid":{"rendered":"http:\/\/localhost\/wordpress\/?page_id=14"},"modified":"2019-06-21T01:17:07","modified_gmt":"2019-06-20T23:17:07","slug":"veille-technologique","status":"publish","type":"page","link":"https:\/\/renusbe.fr\/?page_id=14","title":{"rendered":"Veille Technologique"},"content":{"rendered":"\t\t<div data-elementor-type=\"wp-post\" data-elementor-id=\"14\" class=\"elementor elementor-14\">\n\t\t\t\t\t\t<div class=\"elementor-inner\">\n\t\t\t\t<div class=\"elementor-section-wrap\">\n\t\t\t\t\t\t\t\t\t<section class=\"elementor-section elementor-top-section elementor-element elementor-element-dcd1119 elementor-section-boxed elementor-section-height-default elementor-section-height-default\" data-id=\"dcd1119\" data-element_type=\"section\">\n\t\t\t\t\t\t<div class=\"elementor-container elementor-column-gap-default\">\n\t\t\t\t\t\t\t<div class=\"elementor-row\">\n\t\t\t\t\t<div class=\"elementor-column elementor-col-50 elementor-top-column elementor-element elementor-element-991f583\" data-id=\"991f583\" data-element_type=\"column\">\n\t\t\t<div class=\"elementor-column-wrap elementor-element-populated\">\n\t\t\t\t\t\t\t<div class=\"elementor-widget-wrap\">\n\t\t\t\t\t\t<div class=\"elementor-element elementor-element-f884b56 elementor-widget elementor-widget-spacer\" data-id=\"f884b56\" data-element_type=\"widget\" data-widget_type=\"spacer.default\">\n\t\t\t\t<div class=\"elementor-widget-container\">\n\t\t\t\t\t<div class=\"elementor-spacer\">\n\t\t\t<div class=\"elementor-spacer-inner\"><\/div>\n\t\t<\/div>\n\t\t\t\t<\/div>\n\t\t\t\t<\/div>\n\t\t\t\t<div class=\"elementor-element elementor-element-70378a6 elementor-invisible elementor-widget elementor-widget-heading\" data-id=\"70378a6\" data-element_type=\"widget\" data-settings=\"{&quot;_animation&quot;:&quot;slideInLeft&quot;}\" data-widget_type=\"heading.default\">\n\t\t\t\t<div class=\"elementor-widget-container\">\n\t\t\t<h2 class=\"elementor-heading-title elementor-size-default\">Google Discover<\/h2>\t\t<\/div>\n\t\t\t\t<\/div>\n\t\t\t\t<div class=\"elementor-element elementor-element-3c4f13a elementor-widget elementor-widget-spacer\" data-id=\"3c4f13a\" data-element_type=\"widget\" data-widget_type=\"spacer.default\">\n\t\t\t\t<div class=\"elementor-widget-container\">\n\t\t\t\t\t<div class=\"elementor-spacer\">\n\t\t\t<div class=\"elementor-spacer-inner\"><\/div>\n\t\t<\/div>\n\t\t\t\t<\/div>\n\t\t\t\t<\/div>\n\t\t\t\t\t\t<\/div>\n\t\t\t\t\t<\/div>\n\t\t<\/div>\n\t\t\t\t<div class=\"elementor-column elementor-col-50 elementor-top-column elementor-element elementor-element-b7edc3a\" data-id=\"b7edc3a\" data-element_type=\"column\">\n\t\t\t<div class=\"elementor-column-wrap elementor-element-populated\">\n\t\t\t\t\t\t\t<div class=\"elementor-widget-wrap\">\n\t\t\t\t\t\t<div class=\"elementor-element elementor-element-2f60a43 elementor-widget elementor-widget-spacer\" data-id=\"2f60a43\" data-element_type=\"widget\" data-widget_type=\"spacer.default\">\n\t\t\t\t<div class=\"elementor-widget-container\">\n\t\t\t\t\t<div class=\"elementor-spacer\">\n\t\t\t<div class=\"elementor-spacer-inner\"><\/div>\n\t\t<\/div>\n\t\t\t\t<\/div>\n\t\t\t\t<\/div>\n\t\t\t\t<div class=\"elementor-element elementor-element-ef39ba7 elementor-widget elementor-widget-image\" data-id=\"ef39ba7\" data-element_type=\"widget\" data-widget_type=\"image.default\">\n\t\t\t\t<div class=\"elementor-widget-container\">\n\t\t\t\t\t\t\t\t<div class=\"elementor-image\">\n\t\t\t\t\t\t\t\t\t\t\t\t<img width=\"300\" height=\"86\" src=\"https:\/\/renusbe.fr\/wp-content\/uploads\/2019\/06\/11002201-300x86.jpg\" class=\"attachment-medium size-medium\" alt=\"\" loading=\"lazy\" srcset=\"https:\/\/renusbe.fr\/wp-content\/uploads\/2019\/06\/11002201-300x86.jpg 300w, https:\/\/renusbe.fr\/wp-content\/uploads\/2019\/06\/11002201-768x221.jpg 768w, https:\/\/renusbe.fr\/wp-content\/uploads\/2019\/06\/11002201-1024x295.jpg 1024w, https:\/\/renusbe.fr\/wp-content\/uploads\/2019\/06\/11002201.jpg 1250w\" sizes=\"(max-width: 300px) 100vw, 300px\" \/>\t\t\t\t\t\t\t\t\t\t\t\t\t\t<\/div>\n\t\t\t\t\t\t<\/div>\n\t\t\t\t<\/div>\n\t\t\t\t\t\t<\/div>\n\t\t\t\t\t<\/div>\n\t\t<\/div>\n\t\t\t\t\t\t\t\t<\/div>\n\t\t\t\t\t<\/div>\n\t\t<\/section>\n\t\t\t\t<section class=\"elementor-section elementor-top-section elementor-element elementor-element-31c70be elementor-section-boxed elementor-section-height-default elementor-section-height-default elementor-invisible\" data-id=\"31c70be\" data-element_type=\"section\" data-settings=\"{&quot;animation&quot;:&quot;fadeIn&quot;}\">\n\t\t\t\t\t\t<div class=\"elementor-container elementor-column-gap-default\">\n\t\t\t\t\t\t\t<div class=\"elementor-row\">\n\t\t\t\t\t<div class=\"elementor-column elementor-col-50 elementor-top-column elementor-element elementor-element-5bc5b52\" data-id=\"5bc5b52\" data-element_type=\"column\">\n\t\t\t<div class=\"elementor-column-wrap elementor-element-populated\">\n\t\t\t\t\t\t\t<div class=\"elementor-widget-wrap\">\n\t\t\t\t\t\t<div class=\"elementor-element elementor-element-0d29df4 elementor-invisible elementor-widget elementor-widget-heading\" data-id=\"0d29df4\" data-element_type=\"widget\" data-settings=\"{&quot;_animation&quot;:&quot;fadeInLeft&quot;}\" data-widget_type=\"heading.default\">\n\t\t\t\t<div class=\"elementor-widget-container\">\n\t\t\t<h4 class=\"elementor-heading-title elementor-size-default\">Pr\u00e9sentation<\/h4>\t\t<\/div>\n\t\t\t\t<\/div>\n\t\t\t\t<div class=\"elementor-element elementor-element-2711f37 elementor-widget elementor-widget-spacer\" data-id=\"2711f37\" data-element_type=\"widget\" data-widget_type=\"spacer.default\">\n\t\t\t\t<div class=\"elementor-widget-container\">\n\t\t\t\t\t<div class=\"elementor-spacer\">\n\t\t\t<div class=\"elementor-spacer-inner\"><\/div>\n\t\t<\/div>\n\t\t\t\t<\/div>\n\t\t\t\t<\/div>\n\t\t\t\t<div class=\"elementor-element elementor-element-fcf4ab2 elementor-widget elementor-widget-text-editor\" data-id=\"fcf4ab2\" data-element_type=\"widget\" data-widget_type=\"text-editor.default\">\n\t\t\t\t<div class=\"elementor-widget-container\">\n\t\t\t\t\t\t\t\t<div class=\"elementor-text-editor elementor-clearfix\">\n\t\t\t\t<p><b>Google Discover est un outils de recherche<\/b> qui pr\u00e9sente a<span style=\"color: #3c4043; font-family: Roboto, 'Helvetica Neue', Helvetica, sans-serif;\">ux utilisateurs des <b>contenus s\u00e9lectionn\u00e9s en fonction de leurs interactions avec les produits\u00a0Google<\/b><\/span><span style=\"color: #3c4043; font-family: Roboto, 'Helvetica Neue', Helvetica, sans-serif;\">\u00a0<\/span><span style=\"color: #3c4043; font-family: Roboto, 'Helvetica Neue', Helvetica, sans-serif;\">ou <b>qu&rsquo;ils ont eux-m\u00eames d\u00e9cid\u00e9 de suivre<\/b>.<\/span><\/p><p><span style=\"color: #3c4043; font-family: Roboto, 'Helvetica Neue', Helvetica, sans-serif;\">\u00a0<\/span><\/p><p><span style=\"color: #3c4043; font-family: Roboto, Helvetica Neue, Helvetica, sans-serif;\">Les pages sont pr\u00e9sent\u00e9es sous formes de <b>cartes<\/b>, avec lesquelles on peut\u00a0<\/span><span style=\"color: #3c4043; font-family: Roboto, Helvetica Neue, Helvetica, sans-serif;\">int\u00e9ragir afin d&rsquo;<b>acc\u00e8der \u00e0 la page source<\/b>. Les cartes appartiennent \u00e0 un <b>th\u00e8me d\u00e9finit par Google<\/b>, ce qui permet de <b>filtrer les th\u00e8mes souhait\u00e9<\/b>. Chaque carte est repr\u00e9sent\u00e9e avec une <b>illustration<\/b>, issus de la page source, ainsi qu&rsquo;un <b>r\u00e9sum\u00e9 <\/b>de celle-ci.<\/span><\/p>\t\t\t\t\t<\/div>\n\t\t\t\t\t\t<\/div>\n\t\t\t\t<\/div>\n\t\t\t\t\t\t<\/div>\n\t\t\t\t\t<\/div>\n\t\t<\/div>\n\t\t\t\t<div class=\"elementor-column elementor-col-50 elementor-top-column elementor-element elementor-element-c2aba95\" data-id=\"c2aba95\" data-element_type=\"column\">\n\t\t\t<div class=\"elementor-column-wrap elementor-element-populated\">\n\t\t\t\t\t\t\t<div class=\"elementor-widget-wrap\">\n\t\t\t\t\t\t<div class=\"elementor-element elementor-element-b95175a elementor-widget elementor-widget-image\" data-id=\"b95175a\" data-element_type=\"widget\" data-widget_type=\"image.default\">\n\t\t\t\t<div class=\"elementor-widget-container\">\n\t\t\t\t\t\t\t\t<div class=\"elementor-image\">\n\t\t\t\t\t\t\t\t\t\t\t\t<img width=\"160\" height=\"300\" src=\"https:\/\/renusbe.fr\/wp-content\/uploads\/2019\/06\/unnamed-160x300.png\" class=\"attachment-medium size-medium\" alt=\"\" loading=\"lazy\" srcset=\"https:\/\/renusbe.fr\/wp-content\/uploads\/2019\/06\/unnamed-160x300.png 160w, https:\/\/renusbe.fr\/wp-content\/uploads\/2019\/06\/unnamed-768x1441.png 768w, https:\/\/renusbe.fr\/wp-content\/uploads\/2019\/06\/unnamed-546x1024.png 546w, https:\/\/renusbe.fr\/wp-content\/uploads\/2019\/06\/unnamed.png 895w\" sizes=\"(max-width: 160px) 100vw, 160px\" \/>\t\t\t\t\t\t\t\t\t\t\t\t\t\t<\/div>\n\t\t\t\t\t\t<\/div>\n\t\t\t\t<\/div>\n\t\t\t\t\t\t<\/div>\n\t\t\t\t\t<\/div>\n\t\t<\/div>\n\t\t\t\t\t\t\t\t<\/div>\n\t\t\t\t\t<\/div>\n\t\t<\/section>\n\t\t\t\t<section class=\"elementor-section elementor-top-section elementor-element elementor-element-dfd7183 elementor-section-boxed elementor-section-height-default elementor-section-height-default\" data-id=\"dfd7183\" data-element_type=\"section\">\n\t\t\t\t\t\t<div class=\"elementor-container elementor-column-gap-default\">\n\t\t\t\t\t\t\t<div class=\"elementor-row\">\n\t\t\t\t\t<div class=\"elementor-column elementor-col-100 elementor-top-column elementor-element elementor-element-36a0c7f\" data-id=\"36a0c7f\" data-element_type=\"column\">\n\t\t\t<div class=\"elementor-column-wrap elementor-element-populated\">\n\t\t\t\t\t\t\t<div class=\"elementor-widget-wrap\">\n\t\t\t\t\t\t<div class=\"elementor-element elementor-element-905a80f elementor-invisible elementor-widget elementor-widget-heading\" data-id=\"905a80f\" data-element_type=\"widget\" data-settings=\"{&quot;_animation&quot;:&quot;fadeInLeft&quot;}\" data-widget_type=\"heading.default\">\n\t\t\t\t<div class=\"elementor-widget-container\">\n\t\t\t<h4 class=\"elementor-heading-title elementor-size-default\">Exemples d'articles<\/h4>\t\t<\/div>\n\t\t\t\t<\/div>\n\t\t\t\t<div class=\"elementor-element elementor-element-5ca99eb elementor-widget elementor-widget-spacer\" data-id=\"5ca99eb\" data-element_type=\"widget\" data-widget_type=\"spacer.default\">\n\t\t\t\t<div class=\"elementor-widget-container\">\n\t\t\t\t\t<div class=\"elementor-spacer\">\n\t\t\t<div class=\"elementor-spacer-inner\"><\/div>\n\t\t<\/div>\n\t\t\t\t<\/div>\n\t\t\t\t<\/div>\n\t\t\t\t\t\t<\/div>\n\t\t\t\t\t<\/div>\n\t\t<\/div>\n\t\t\t\t\t\t\t\t<\/div>\n\t\t\t\t\t<\/div>\n\t\t<\/section>\n\t\t\t\t<section class=\"elementor-section elementor-top-section elementor-element elementor-element-18c2914 elementor-section-boxed elementor-section-height-default elementor-section-height-default elementor-invisible\" data-id=\"18c2914\" data-element_type=\"section\" data-settings=\"{&quot;animation&quot;:&quot;fadeInUp&quot;}\">\n\t\t\t\t\t\t<div class=\"elementor-container elementor-column-gap-default\">\n\t\t\t\t\t\t\t<div class=\"elementor-row\">\n\t\t\t\t\t<div class=\"elementor-column elementor-col-100 elementor-top-column elementor-element elementor-element-0ab4dd4\" data-id=\"0ab4dd4\" data-element_type=\"column\">\n\t\t\t<div class=\"elementor-column-wrap elementor-element-populated\">\n\t\t\t\t\t\t\t<div class=\"elementor-widget-wrap\">\n\t\t\t\t\t\t<div class=\"elementor-element elementor-element-f34cddc elementor-widget elementor-widget-image-gallery\" data-id=\"f34cddc\" data-element_type=\"widget\" data-widget_type=\"image-gallery.default\">\n\t\t\t\t<div class=\"elementor-widget-container\">\n\t\t\t\t\t<div class=\"elementor-image-gallery\">\n\t\t\t\n\t\t<style type=\"text\/css\">\n\t\t\t#gallery-1 {\n\t\t\t\tmargin: auto;\n\t\t\t}\n\t\t\t#gallery-1 .gallery-item {\n\t\t\t\tfloat: left;\n\t\t\t\tmargin-top: 10px;\n\t\t\t\ttext-align: center;\n\t\t\t\twidth: 25%;\n\t\t\t}\n\t\t\t#gallery-1 img {\n\t\t\t\tborder: 2px solid #cfcfcf;\n\t\t\t}\n\t\t\t#gallery-1 .gallery-caption {\n\t\t\t\tmargin-left: 0;\n\t\t\t}\n\t\t\t\/* see gallery_shortcode() in wp-includes\/media.php *\/\n\t\t<\/style>\n\t\t<div id='gallery-1' class='gallery galleryid-14 gallery-columns-4 gallery-size-medium'><dl class='gallery-item'>\n\t\t\t<dt class='gallery-icon landscape'>\n\t\t\t\t<a data-elementor-open-lightbox=\"yes\" data-elementor-lightbox-slideshow=\"f34cddc\" data-elementor-lightbox-title=\"IMG_20190521_200926\" e-action-hash=\"#elementor-action%3Aaction%3Dlightbox%26settings%3DeyJpZCI6MzQ1LCJ1cmwiOiJodHRwczpcL1wvcmVudXNiZS5mclwvd3AtY29udGVudFwvdXBsb2Fkc1wvMjAxOVwvMDZcL0lNR18yMDE5MDUyMV8yMDA5MjYuanBnIiwic2xpZGVzaG93IjoiZjM0Y2RkYyJ9\" href='https:\/\/renusbe.fr\/wp-content\/uploads\/2019\/06\/IMG_20190521_200926.jpg'><img width=\"300\" height=\"171\" src=\"https:\/\/renusbe.fr\/wp-content\/uploads\/2019\/06\/IMG_20190521_200926-300x171.jpg\" class=\"attachment-medium size-medium\" alt=\"\" loading=\"lazy\" srcset=\"https:\/\/renusbe.fr\/wp-content\/uploads\/2019\/06\/IMG_20190521_200926-300x171.jpg 300w, https:\/\/renusbe.fr\/wp-content\/uploads\/2019\/06\/IMG_20190521_200926-768x437.jpg 768w, https:\/\/renusbe.fr\/wp-content\/uploads\/2019\/06\/IMG_20190521_200926.jpg 973w\" sizes=\"(max-width: 300px) 100vw, 300px\" \/><\/a>\n\t\t\t<\/dt><\/dl><dl class='gallery-item'>\n\t\t\t<dt class='gallery-icon portrait'>\n\t\t\t\t<a data-elementor-open-lightbox=\"yes\" data-elementor-lightbox-slideshow=\"f34cddc\" data-elementor-lightbox-title=\"IMG_20190528_131731\" e-action-hash=\"#elementor-action%3Aaction%3Dlightbox%26settings%3DeyJpZCI6MzQ2LCJ1cmwiOiJodHRwczpcL1wvcmVudXNiZS5mclwvd3AtY29udGVudFwvdXBsb2Fkc1wvMjAxOVwvMDZcL0lNR18yMDE5MDUyOF8xMzE3MzEuanBnIiwic2xpZGVzaG93IjoiZjM0Y2RkYyJ9\" href='https:\/\/renusbe.fr\/wp-content\/uploads\/2019\/06\/IMG_20190528_131731.jpg'><img width=\"273\" height=\"300\" src=\"https:\/\/renusbe.fr\/wp-content\/uploads\/2019\/06\/IMG_20190528_131731-273x300.jpg\" class=\"attachment-medium size-medium\" alt=\"\" loading=\"lazy\" srcset=\"https:\/\/renusbe.fr\/wp-content\/uploads\/2019\/06\/IMG_20190528_131731-273x300.jpg 273w, https:\/\/renusbe.fr\/wp-content\/uploads\/2019\/06\/IMG_20190528_131731-768x843.jpg 768w, https:\/\/renusbe.fr\/wp-content\/uploads\/2019\/06\/IMG_20190528_131731-933x1024.jpg 933w, https:\/\/renusbe.fr\/wp-content\/uploads\/2019\/06\/IMG_20190528_131731.jpg 1009w\" sizes=\"(max-width: 273px) 100vw, 273px\" \/><\/a>\n\t\t\t<\/dt><\/dl><dl class='gallery-item'>\n\t\t\t<dt class='gallery-icon landscape'>\n\t\t\t\t<a data-elementor-open-lightbox=\"yes\" data-elementor-lightbox-slideshow=\"f34cddc\" data-elementor-lightbox-title=\"Screenshot_20190619_230311_com.huawei.android.launcher\" e-action-hash=\"#elementor-action%3Aaction%3Dlightbox%26settings%3DeyJpZCI6MzUxLCJ1cmwiOiJodHRwczpcL1wvcmVudXNiZS5mclwvd3AtY29udGVudFwvdXBsb2Fkc1wvMjAxOVwvMDZcL1NjcmVlbnNob3RfMjAxOTA2MTlfMjMwMzExX2NvbS5odWF3ZWkuYW5kcm9pZC5sYXVuY2hlci5qcGciLCJzbGlkZXNob3ciOiJmMzRjZGRjIn0%3D\" href='https:\/\/renusbe.fr\/wp-content\/uploads\/2019\/06\/Screenshot_20190619_230311_com.huawei.android.launcher.jpg'><img width=\"300\" height=\"193\" src=\"https:\/\/renusbe.fr\/wp-content\/uploads\/2019\/06\/Screenshot_20190619_230311_com.huawei.android.launcher-300x193.jpg\" class=\"attachment-medium size-medium\" alt=\"\" loading=\"lazy\" srcset=\"https:\/\/renusbe.fr\/wp-content\/uploads\/2019\/06\/Screenshot_20190619_230311_com.huawei.android.launcher-300x193.jpg 300w, https:\/\/renusbe.fr\/wp-content\/uploads\/2019\/06\/Screenshot_20190619_230311_com.huawei.android.launcher-768x495.jpg 768w, https:\/\/renusbe.fr\/wp-content\/uploads\/2019\/06\/Screenshot_20190619_230311_com.huawei.android.launcher.jpg 1003w\" sizes=\"(max-width: 300px) 100vw, 300px\" \/><\/a>\n\t\t\t<\/dt><\/dl><dl class='gallery-item'>\n\t\t\t<dt class='gallery-icon portrait'>\n\t\t\t\t<a data-elementor-open-lightbox=\"yes\" data-elementor-lightbox-slideshow=\"f34cddc\" data-elementor-lightbox-title=\"IMG_20190528_131747\" e-action-hash=\"#elementor-action%3Aaction%3Dlightbox%26settings%3DeyJpZCI6MzQ3LCJ1cmwiOiJodHRwczpcL1wvcmVudXNiZS5mclwvd3AtY29udGVudFwvdXBsb2Fkc1wvMjAxOVwvMDZcL0lNR18yMDE5MDUyOF8xMzE3NDcuanBnIiwic2xpZGVzaG93IjoiZjM0Y2RkYyJ9\" href='https:\/\/renusbe.fr\/wp-content\/uploads\/2019\/06\/IMG_20190528_131747.jpg'><img width=\"288\" height=\"300\" src=\"https:\/\/renusbe.fr\/wp-content\/uploads\/2019\/06\/IMG_20190528_131747-288x300.jpg\" class=\"attachment-medium size-medium\" alt=\"\" loading=\"lazy\" srcset=\"https:\/\/renusbe.fr\/wp-content\/uploads\/2019\/06\/IMG_20190528_131747-288x300.jpg 288w, https:\/\/renusbe.fr\/wp-content\/uploads\/2019\/06\/IMG_20190528_131747-768x800.jpg 768w, https:\/\/renusbe.fr\/wp-content\/uploads\/2019\/06\/IMG_20190528_131747-983x1024.jpg 983w, https:\/\/renusbe.fr\/wp-content\/uploads\/2019\/06\/IMG_20190528_131747.jpg 1011w\" sizes=\"(max-width: 288px) 100vw, 288px\" \/><\/a>\n\t\t\t<\/dt><\/dl><br style=\"clear: both\" \/><dl class='gallery-item'>\n\t\t\t<dt class='gallery-icon landscape'>\n\t\t\t\t<a data-elementor-open-lightbox=\"yes\" data-elementor-lightbox-slideshow=\"f34cddc\" data-elementor-lightbox-title=\"Screenshot_20190606-204109\" e-action-hash=\"#elementor-action%3Aaction%3Dlightbox%26settings%3DeyJpZCI6MzQ4LCJ1cmwiOiJodHRwczpcL1wvcmVudXNiZS5mclwvd3AtY29udGVudFwvdXBsb2Fkc1wvMjAxOVwvMDZcL1NjcmVlbnNob3RfMjAxOTA2MDYtMjA0MTA5LmpwZyIsInNsaWRlc2hvdyI6ImYzNGNkZGMifQ%3D%3D\" href='https:\/\/renusbe.fr\/wp-content\/uploads\/2019\/06\/Screenshot_20190606-204109.jpg'><img width=\"300\" height=\"192\" src=\"https:\/\/renusbe.fr\/wp-content\/uploads\/2019\/06\/Screenshot_20190606-204109-300x192.jpg\" class=\"attachment-medium size-medium\" alt=\"\" loading=\"lazy\" srcset=\"https:\/\/renusbe.fr\/wp-content\/uploads\/2019\/06\/Screenshot_20190606-204109-300x192.jpg 300w, https:\/\/renusbe.fr\/wp-content\/uploads\/2019\/06\/Screenshot_20190606-204109-768x491.jpg 768w, https:\/\/renusbe.fr\/wp-content\/uploads\/2019\/06\/Screenshot_20190606-204109.jpg 997w\" sizes=\"(max-width: 300px) 100vw, 300px\" \/><\/a>\n\t\t\t<\/dt><\/dl><dl class='gallery-item'>\n\t\t\t<dt class='gallery-icon landscape'>\n\t\t\t\t<a data-elementor-open-lightbox=\"yes\" data-elementor-lightbox-slideshow=\"f34cddc\" data-elementor-lightbox-title=\"Screenshot_20190619_185129_com.huawei.android.launcher\" e-action-hash=\"#elementor-action%3Aaction%3Dlightbox%26settings%3DeyJpZCI6MzQ5LCJ1cmwiOiJodHRwczpcL1wvcmVudXNiZS5mclwvd3AtY29udGVudFwvdXBsb2Fkc1wvMjAxOVwvMDZcL1NjcmVlbnNob3RfMjAxOTA2MTlfMTg1MTI5X2NvbS5odWF3ZWkuYW5kcm9pZC5sYXVuY2hlci5qcGciLCJzbGlkZXNob3ciOiJmMzRjZGRjIn0%3D\" href='https:\/\/renusbe.fr\/wp-content\/uploads\/2019\/06\/Screenshot_20190619_185129_com.huawei.android.launcher.jpg'><img width=\"300\" height=\"169\" src=\"https:\/\/renusbe.fr\/wp-content\/uploads\/2019\/06\/Screenshot_20190619_185129_com.huawei.android.launcher-300x169.jpg\" class=\"attachment-medium size-medium\" alt=\"\" loading=\"lazy\" srcset=\"https:\/\/renusbe.fr\/wp-content\/uploads\/2019\/06\/Screenshot_20190619_185129_com.huawei.android.launcher-300x169.jpg 300w, https:\/\/renusbe.fr\/wp-content\/uploads\/2019\/06\/Screenshot_20190619_185129_com.huawei.android.launcher-768x431.jpg 768w, https:\/\/renusbe.fr\/wp-content\/uploads\/2019\/06\/Screenshot_20190619_185129_com.huawei.android.launcher.jpg 1013w\" sizes=\"(max-width: 300px) 100vw, 300px\" \/><\/a>\n\t\t\t<\/dt><\/dl><dl class='gallery-item'>\n\t\t\t<dt class='gallery-icon landscape'>\n\t\t\t\t<a data-elementor-open-lightbox=\"yes\" data-elementor-lightbox-slideshow=\"f34cddc\" data-elementor-lightbox-title=\"Screenshot_20190620_114816_com.huawei.android.launcher\" e-action-hash=\"#elementor-action%3Aaction%3Dlightbox%26settings%3DeyJpZCI6MzUyLCJ1cmwiOiJodHRwczpcL1wvcmVudXNiZS5mclwvd3AtY29udGVudFwvdXBsb2Fkc1wvMjAxOVwvMDZcL1NjcmVlbnNob3RfMjAxOTA2MjBfMTE0ODE2X2NvbS5odWF3ZWkuYW5kcm9pZC5sYXVuY2hlci5qcGciLCJzbGlkZXNob3ciOiJmMzRjZGRjIn0%3D\" href='https:\/\/renusbe.fr\/wp-content\/uploads\/2019\/06\/Screenshot_20190620_114816_com.huawei.android.launcher.jpg'><img width=\"300\" height=\"192\" src=\"https:\/\/renusbe.fr\/wp-content\/uploads\/2019\/06\/Screenshot_20190620_114816_com.huawei.android.launcher-300x192.jpg\" class=\"attachment-medium size-medium\" alt=\"\" loading=\"lazy\" srcset=\"https:\/\/renusbe.fr\/wp-content\/uploads\/2019\/06\/Screenshot_20190620_114816_com.huawei.android.launcher-300x192.jpg 300w, https:\/\/renusbe.fr\/wp-content\/uploads\/2019\/06\/Screenshot_20190620_114816_com.huawei.android.launcher-768x493.jpg 768w, https:\/\/renusbe.fr\/wp-content\/uploads\/2019\/06\/Screenshot_20190620_114816_com.huawei.android.launcher.jpg 1004w\" sizes=\"(max-width: 300px) 100vw, 300px\" \/><\/a>\n\t\t\t<\/dt><\/dl><dl class='gallery-item'>\n\t\t\t<dt class='gallery-icon portrait'>\n\t\t\t\t<a data-elementor-open-lightbox=\"yes\" data-elementor-lightbox-slideshow=\"f34cddc\" data-elementor-lightbox-title=\"Screenshot_20190619_185516_com.google.android.googlequicksearchbox\" e-action-hash=\"#elementor-action%3Aaction%3Dlightbox%26settings%3DeyJpZCI6MzUwLCJ1cmwiOiJodHRwczpcL1wvcmVudXNiZS5mclwvd3AtY29udGVudFwvdXBsb2Fkc1wvMjAxOVwvMDZcL1NjcmVlbnNob3RfMjAxOTA2MTlfMTg1NTE2X2NvbS5nb29nbGUuYW5kcm9pZC5nb29nbGVxdWlja3NlYXJjaGJveC5qcGciLCJzbGlkZXNob3ciOiJmMzRjZGRjIn0%3D\" href='https:\/\/renusbe.fr\/wp-content\/uploads\/2019\/06\/Screenshot_20190619_185516_com.google.android.googlequicksearchbox.jpg'><img width=\"272\" height=\"300\" src=\"https:\/\/renusbe.fr\/wp-content\/uploads\/2019\/06\/Screenshot_20190619_185516_com.google.android.googlequicksearchbox-272x300.jpg\" class=\"attachment-medium size-medium\" alt=\"\" loading=\"lazy\" srcset=\"https:\/\/renusbe.fr\/wp-content\/uploads\/2019\/06\/Screenshot_20190619_185516_com.google.android.googlequicksearchbox-272x300.jpg 272w, https:\/\/renusbe.fr\/wp-content\/uploads\/2019\/06\/Screenshot_20190619_185516_com.google.android.googlequicksearchbox-768x847.jpg 768w, https:\/\/renusbe.fr\/wp-content\/uploads\/2019\/06\/Screenshot_20190619_185516_com.google.android.googlequicksearchbox-928x1024.jpg 928w, https:\/\/renusbe.fr\/wp-content\/uploads\/2019\/06\/Screenshot_20190619_185516_com.google.android.googlequicksearchbox.jpg 1007w\" sizes=\"(max-width: 272px) 100vw, 272px\" \/><\/a>\n\t\t\t<\/dt><\/dl><br style=\"clear: both\" \/><dl class='gallery-item'>\n\t\t\t<dt class='gallery-icon landscape'>\n\t\t\t\t<a data-elementor-open-lightbox=\"yes\" data-elementor-lightbox-slideshow=\"f34cddc\" data-elementor-lightbox-title=\"Screenshot_20190620_114830_com.huawei.android.launcher\" e-action-hash=\"#elementor-action%3Aaction%3Dlightbox%26settings%3DeyJpZCI6MzUzLCJ1cmwiOiJodHRwczpcL1wvcmVudXNiZS5mclwvd3AtY29udGVudFwvdXBsb2Fkc1wvMjAxOVwvMDZcL1NjcmVlbnNob3RfMjAxOTA2MjBfMTE0ODMwX2NvbS5odWF3ZWkuYW5kcm9pZC5sYXVuY2hlci5qcGciLCJzbGlkZXNob3ciOiJmMzRjZGRjIn0%3D\" href='https:\/\/renusbe.fr\/wp-content\/uploads\/2019\/06\/Screenshot_20190620_114830_com.huawei.android.launcher.jpg'><img width=\"300\" height=\"192\" src=\"https:\/\/renusbe.fr\/wp-content\/uploads\/2019\/06\/Screenshot_20190620_114830_com.huawei.android.launcher-300x192.jpg\" class=\"attachment-medium size-medium\" alt=\"\" loading=\"lazy\" srcset=\"https:\/\/renusbe.fr\/wp-content\/uploads\/2019\/06\/Screenshot_20190620_114830_com.huawei.android.launcher-300x192.jpg 300w, https:\/\/renusbe.fr\/wp-content\/uploads\/2019\/06\/Screenshot_20190620_114830_com.huawei.android.launcher-768x492.jpg 768w, https:\/\/renusbe.fr\/wp-content\/uploads\/2019\/06\/Screenshot_20190620_114830_com.huawei.android.launcher.jpg 1016w\" sizes=\"(max-width: 300px) 100vw, 300px\" \/><\/a>\n\t\t\t<\/dt><\/dl><dl class='gallery-item'>\n\t\t\t<dt class='gallery-icon landscape'>\n\t\t\t\t<a data-elementor-open-lightbox=\"yes\" data-elementor-lightbox-slideshow=\"f34cddc\" data-elementor-lightbox-title=\"Screenshot_20190620_151820_com.google.android.googlequicksearchbox\" e-action-hash=\"#elementor-action%3Aaction%3Dlightbox%26settings%3DeyJpZCI6MzU0LCJ1cmwiOiJodHRwczpcL1wvcmVudXNiZS5mclwvd3AtY29udGVudFwvdXBsb2Fkc1wvMjAxOVwvMDZcL1NjcmVlbnNob3RfMjAxOTA2MjBfMTUxODIwX2NvbS5nb29nbGUuYW5kcm9pZC5nb29nbGVxdWlja3NlYXJjaGJveC5qcGciLCJzbGlkZXNob3ciOiJmMzRjZGRjIn0%3D\" href='https:\/\/renusbe.fr\/wp-content\/uploads\/2019\/06\/Screenshot_20190620_151820_com.google.android.googlequicksearchbox.jpg'><img width=\"300\" height=\"168\" src=\"https:\/\/renusbe.fr\/wp-content\/uploads\/2019\/06\/Screenshot_20190620_151820_com.google.android.googlequicksearchbox-300x168.jpg\" class=\"attachment-medium size-medium\" alt=\"\" loading=\"lazy\" srcset=\"https:\/\/renusbe.fr\/wp-content\/uploads\/2019\/06\/Screenshot_20190620_151820_com.google.android.googlequicksearchbox-300x168.jpg 300w, https:\/\/renusbe.fr\/wp-content\/uploads\/2019\/06\/Screenshot_20190620_151820_com.google.android.googlequicksearchbox-768x431.jpg 768w, https:\/\/renusbe.fr\/wp-content\/uploads\/2019\/06\/Screenshot_20190620_151820_com.google.android.googlequicksearchbox.jpg 1006w\" sizes=\"(max-width: 300px) 100vw, 300px\" \/><\/a>\n\t\t\t<\/dt><\/dl>\n\t\t\t<br style='clear: both' \/>\n\t\t<\/div>\n\t\t<\/div>\n\t\t\t\t<\/div>\n\t\t\t\t<\/div>\n\t\t\t\t\t\t<\/div>\n\t\t\t\t\t<\/div>\n\t\t<\/div>\n\t\t\t\t\t\t\t\t<\/div>\n\t\t\t\t\t<\/div>\n\t\t<\/section>\n\t\t\t\t\t\t\t\t\t<\/div>\n\t\t\t<\/div>\n\t\t\t\t\t<\/div>\n\t\t","protected":false},"excerpt":{"rendered":"<p>Google Discover Pr\u00e9sentation Google Discover est un outils de recherche qui pr\u00e9sente aux utilisateurs des contenus s\u00e9lectionn\u00e9s en fonction de leurs interactions avec les produits\u00a0Google\u00a0ou qu&rsquo;ils ont eux-m\u00eames d\u00e9cid\u00e9 de suivre. \u00a0 Les pages sont pr\u00e9sent\u00e9es sous formes de cartes, avec lesquelles on peut\u00a0int\u00e9ragir afin d&rsquo;acc\u00e8der \u00e0 la page source. [&hellip;]<\/p>\n","protected":false},"author":1,"featured_media":0,"parent":0,"menu_order":0,"comment_status":"closed","ping_status":"closed","template":"page-templates\/template-pagebuilder-full-width.php","meta":[],"_links":{"self":[{"href":"https:\/\/renusbe.fr\/index.php?rest_route=\/wp\/v2\/pages\/14"}],"collection":[{"href":"https:\/\/renusbe.fr\/index.php?rest_route=\/wp\/v2\/pages"}],"about":[{"href":"https:\/\/renusbe.fr\/index.php?rest_route=\/wp\/v2\/types\/page"}],"author":[{"embeddable":true,"href":"https:\/\/renusbe.fr\/index.php?rest_route=\/wp\/v2\/users\/1"}],"replies":[{"embeddable":true,"href":"https:\/\/renusbe.fr\/index.php?rest_route=%2Fwp%2Fv2%2Fcomments&post=14"}],"version-history":[{"count":7,"href":"https:\/\/renusbe.fr\/index.php?rest_route=\/wp\/v2\/pages\/14\/revisions"}],"predecessor-version":[{"id":363,"href":"https:\/\/renusbe.fr\/index.php?rest_route=\/wp\/v2\/pages\/14\/revisions\/363"}],"wp:attachment":[{"href":"https:\/\/renusbe.fr\/index.php?rest_route=%2Fwp%2Fv2%2Fmedia&parent=14"}],"curies":[{"name":"wp","href":"https:\/\/api.w.org\/{rel}","templated":true}]}}